{"id":13822,"date":"2005-08-08T00:00:00","date_gmt":"2005-08-07T23:00:00","guid":{"rendered":"http:\/\/www.grappa.no\/no\/albums\/uncategorized\/arietta-variations-2\/"},"modified":"2016-11-18T16:34:40","modified_gmt":"2016-11-18T15:34:40","slug":"arietta-variations","status":"publish","type":"product","link":"https:\/\/grappa.no\/en\/albums\/simax-classics\/arietta-variations\/","title":{"rendered":"Arietta &amp; Variations"},"content":{"rendered":"<p><\/p>\n<p>Arrangements for flute<\/p>\n<p>The music of Edvard Grieg continues to inspire composers, musicians and listeners alike. Here is the wonderfully vivid set of variations written by Walter Gieseking on Grieg\u2019s first Lyrical Piece: Arietta. Per \u00d8ien, one of Norway\u2019s most merited flutists, has also arranged Grieg\u2019s second violin sonata for flute, and Robert Aitken joins in for some spending Kuhlau-playing.<\/p>\n<p><!--more--><\/p>\n<p>The music of Edvard Grieg continues to inspire composers, musicians and listeners alike. Here is the wonderfully vivid set of variations written by Walter Gieseking on Grieg\u2019s first Lyrical Piece: Arietta. Per \u00d8ien, one of Norway\u2019s most merited flutists, has also arranged Grieg\u2019s second violin sonata for flute, and Robert Aitken joins in for some spending Kuhlau-playing.<\/p>\n<h4>Violin sonata for flute<\/h4>\n<p>As flute players really have very little original material from the great romantic composers in their repertoire, a tradition of arrangement has developed, including the sonatas of Dvor\u00e0k, Franck and Faur\u00e9 among others. Per \u00d8ien has included the second sonata for violin and piano into this oevre.<\/p>\n<h4>Virtuoso and wonderful<\/h4>\n<p>Known as an outstanding Grieg interpreter at the piano, Walter Gieseking was also an accomplished composer of piano pieces, songs and chamber music. His 7 variations on the Arietta were written in 1938, virtuoso and demanding music made over this well know theme. To flute players all over the world the name Friedrich Kuhlau is synonymous with flute duets. The works presented on this recording shows Kuhlau\u2019s colourful handling of the instrument, his wonderful use of counterpoint, firm grip on form and wonderfully melodious style.<\/p>\n<h4>Per \u00d8ien<\/h4>\n<p>More than 45 years as a soloist, orchestral and chamber musician. He has performed with conductors including Sir John Barbirolli, Leopold Stokowski, Krill Kondrashin and Herbert Blomstedt. Since 1985 he has been Professor at the Norwegian Academy of Music<\/p>\n<p><\/p>","protected":false},"excerpt":{"rendered":"<p>The music of Edvard Grieg continues to inspire composers, musicians and listeners alike.<\/p>\n","protected":false},"featured_media":27514,"comment_status":"closed","ping_status":"open","template":"","meta":[],"product_brand":[],"product_cat":[180],"product_tag":[],"class_list":{"0":"post-13822","1":"product","2":"type-product","3":"status-publish","4":"has-post-thumbnail","6":"product_cat-simax-classics","7":"product_shipping_class-cddvd-shipping","8":"uni_artist_tag-edvard-grieg","9":"uni_artist_tag-fredich-kuhlau","10":"uni_artist_tag-geir-henning-braaten","11":"uni_artist_tag-per-oien","12":"uni_artist_tag-walter-gieseking","13":"uni_main_artist_tag-per-oien","14":"uni_artist_genre-chamber-music","15":"uni_artist_genre-winds","17":"first","18":"instock","19":"taxable","20":"shipping-taxable","21":"purchasable","22":"product-type-simple"},"_links":{"self":[{"href":"https:\/\/grappa.no\/en\/wp-json\/wp\/v2\/product\/13822","targetHints":{"allow":["GET"]}}],"collection":[{"href":"https:\/\/grappa.no\/en\/wp-json\/wp\/v2\/product"}],"about":[{"href":"https:\/\/grappa.no\/en\/wp-json\/wp\/v2\/types\/product"}],"replies":[{"embeddable":true,"href":"https:\/\/grappa.no\/en\/wp-json\/wp\/v2\/comments?post=13822"}],"wp:featuredmedia":[{"embeddable":true,"href":"https:\/\/grappa.no\/en\/wp-json\/wp\/v2\/media\/27514"}],"wp:attachment":[{"href":"https:\/\/grappa.no\/en\/wp-json\/wp\/v2\/media?parent=13822"}],"wp:term":[{"taxonomy":"product_brand","embeddable":true,"href":"https:\/\/grappa.no\/en\/wp-json\/wp\/v2\/product_brand?post=13822"},{"taxonomy":"product_cat","embeddable":true,"href":"https:\/\/grappa.no\/en\/wp-json\/wp\/v2\/product_cat?post=13822"},{"taxonomy":"product_tag","embeddable":true,"href":"https:\/\/grappa.no\/en\/wp-json\/wp\/v2\/product_tag?post=13822"}],"curies":[{"name":"wp","href":"https:\/\/api.w.org\/{rel}","templated":true}]}}