{"id":13812,"date":"1992-01-08T00:00:00","date_gmt":"1992-01-07T23:00:00","guid":{"rendered":"http:\/\/www.grappa.no\/no\/albums\/uncategorized\/grieg-songs-op-676025-2\/"},"modified":"2025-01-03T14:57:34","modified_gmt":"2025-01-03T13:57:34","slug":"grieg-songs-op-67-60-25","status":"publish","type":"product","link":"https:\/\/grappa.no\/en\/albums\/simax-classics\/grieg-songs-op-67-60-25\/","title":{"rendered":"Grieg Songs Op 67\/60\/25"},"content":{"rendered":"<p><\/p>\n<p>Outstanding Grieg from Ellen Westberg Andersen<\/p>\n<p>The award-winning soprano Ellen Westberg Andersen presents togehter with one of Norway\u00b4s most established pianists, Jens Harald Bratlie, some of Grieg\u00b4s finest music set to poems on this album. Together they masterfully evoke the depth that is inherent in Grieg\u00b4s successful marriage between poems and music. With these songs Grieg shows that he undoubtedly had a masterful grip on the genre, from the six Ibsen-poems, via Vilhelm Krag\u00b4s poems, to one of the most beautiful song-cycles ever written for the female voice: Haugtussa, written by Arne Garborg.<\/p>\n<p>Westberg Andersen and Bratlie manage to communicate some of the most wonderful songs from the Norwegian romantic tradition in a brilliant way \u2013 not surprising considering their background. Westberg Andersen debuted in Oslo in 1978 after studies at music academies in L\u00fcbeck and \u00c5rhus, and has performed on several german operastages, amongst them Dortmund, L\u00fcbeck og at the St\u00e4dtische Freiburg. She was a guest performer at the Norwegian Opera between 1985-1990 as Musette in \u00abLa Boh\u00e8me\u00bb, Margaretha in \u00abFaust\u00bb and as Susanna in \u00abThe Marriage of Figaro\u00bb. In 1978 she received the Possehl-prize and in 1984 she received the Edvard Grieg-prize.<\/p>\n<p><!--more--><\/p>\n<h4><\/h4>\n<h4><\/h4>\n<h4><\/h4>\n<p><\/p>","protected":false},"excerpt":{"rendered":"<p>Westberg Andersen and Bratlie manage to communicate some of the most wonderful songs from the Norwegian romantic tradition in a brilliant way<\/p>\n","protected":false},"featured_media":27544,"comment_status":"closed","ping_status":"closed","template":"","meta":[],"product_brand":[],"product_cat":[180],"product_tag":[],"class_list":{"0":"post-13812","1":"product","2":"type-product","3":"status-publish","4":"has-post-thumbnail","6":"product_cat-simax-classics","7":"product_shipping_class-cddvd-shipping","8":"uni_artist_tag-edvard-grieg","9":"uni_artist_tag-ellen-westberg-andersen","10":"uni_artist_tag-jens-harald-bratlie","11":"uni_main_artist_tag-ellen-westberg-andersen","12":"uni_artist_genre-lieder","13":"uni_artist_genre-norwegian","15":"first","16":"outofstock","17":"sale","18":"taxable","19":"shipping-taxable","20":"purchasable","21":"product-type-simple"},"_links":{"self":[{"href":"https:\/\/grappa.no\/en\/wp-json\/wp\/v2\/product\/13812","targetHints":{"allow":["GET"]}}],"collection":[{"href":"https:\/\/grappa.no\/en\/wp-json\/wp\/v2\/product"}],"about":[{"href":"https:\/\/grappa.no\/en\/wp-json\/wp\/v2\/types\/product"}],"replies":[{"embeddable":true,"href":"https:\/\/grappa.no\/en\/wp-json\/wp\/v2\/comments?post=13812"}],"wp:featuredmedia":[{"embeddable":true,"href":"https:\/\/grappa.no\/en\/wp-json\/wp\/v2\/media\/27544"}],"wp:attachment":[{"href":"https:\/\/grappa.no\/en\/wp-json\/wp\/v2\/media?parent=13812"}],"wp:term":[{"taxonomy":"product_brand","embeddable":true,"href":"https:\/\/grappa.no\/en\/wp-json\/wp\/v2\/product_brand?post=13812"},{"taxonomy":"product_cat","embeddable":true,"href":"https:\/\/grappa.no\/en\/wp-json\/wp\/v2\/product_cat?post=13812"},{"taxonomy":"product_tag","embeddable":true,"href":"https:\/\/grappa.no\/en\/wp-json\/wp\/v2\/product_tag?post=13812"}],"curies":[{"name":"wp","href":"https:\/\/api.w.org\/{rel}","templated":true}]}}