{"id":1183,"date":"2015-09-04T00:00:00","date_gmt":"2015-09-03T23:00:00","guid":{"rendered":"http:\/\/www.grappa.no\/albums\/uncategorized\/vindfang-2\/"},"modified":"2016-04-19T19:24:21","modified_gmt":"2016-04-19T18:24:21","slug":"vindfang","status":"publish","type":"product","link":"https:\/\/grappa.no\/en\/albums\/grappa\/vindfang\/","title":{"rendered":"Vindfang"},"content":{"rendered":"<p><\/p>\n<p>Sigrun Loe Sparboe is ready to release her second solo album <\/p>\n<p>Sigrun Loe Sparboe moved from Grunerl\u00f8kka in Oslo to a small promontory outside Harstad city to pursue her musical career. In a red-painted house on the shore, she has found time, calm an 10 brand new songs.<br \/>\nSigrun has released three albums with \u00abSigrun &amp; The Kitchen Band\u00bb, but it was when she released her solo debut \u00abUten at du vet det\u00bb in 2013 that she seriously asserted herself as an artist. Her solo debut earned amazing critics and \u00abMusikknyheter\u00bb gave the album 9\/10 bullets, NRK P1 \u00abUnder Lupen\u00bb gave her \u00aba dashing score of 5\u00bb, while the international music magazine \u00abFamous Last Words\u00bb announced Sparboe as \u00abNorway&#8217;s newest folk sensation\u00bb and said it was the third best album of the year.<br \/>\nIt is building up great expectations for Sparoe&#8217;s new album.<br \/>\n\u00abSuch digression is completely welcome due to providing a fine balance of emotions and, in the process, sets up \u00abUten at du vet det\u00bb as a debut that will be extremely difficult to surpass due to being nigh on perfect\u00bb (Famous Last Words) \u2013 And there&#8217;s nothing that indicates that the expectations will not meet.<br \/>\nThe album is produced by the guys behind the Norwegian band Kr\u00e5kes\u00f8lv (Martin Bowits, Kr\u00e5kes\u00f8lv&#8217;s producer and Kr\u00e5kes\u00f8lv-drummer J\u00f8rgen Smaadahl Larsen)<\/p>\n<p><!--more--><\/p>\n<h4><\/h4>\n<\/p>\n<h4><\/h4>\n<\/p>\n<h4><\/h4>\n<\/p>\n<p><\/p>","protected":false},"excerpt":{"rendered":"<p>In a red-painted house on the shore, she has found time, calm an 10 brand new songs.<\/p>\n","protected":false},"featured_media":27173,"comment_status":"closed","ping_status":"open","template":"","meta":[],"product_brand":[],"product_cat":[6],"product_tag":[],"class_list":{"0":"post-1183","1":"product","2":"type-product","3":"status-publish","4":"has-post-thumbnail","6":"product_cat-grappa","7":"product_shipping_class-cddvd-shipping","8":"uni_artist_tag-christian-winther-farstad","9":"uni_artist_tag-eirik-ervik","10":"uni_artist_tag-heming-valebjorg","11":"uni_artist_tag-ivar-bowitz","12":"uni_artist_tag-jorgen-smadal-larsen","13":"uni_artist_tag-kari-ronnekleiv","14":"uni_artist_tag-katrine-schiott","15":"uni_artist_tag-martin-bowitz","16":"uni_artist_tag-mattias-krohn-nielsen","17":"uni_artist_tag-ola-hoyer","18":"uni_artist_tag-ole-henrik-moe","19":"uni_artist_tag-sigrun-loe-sparboe","20":"uni_artist_tag-sverre-tollefsen-laupstad","21":"uni_main_artist_tag-sigrun-loe-sparboe","22":"uni_artist_genre-norwegian-lyrics","23":"uni_artist_genre-pop","24":"uni_artist_genre-singersongwriter","26":"first","27":"instock","28":"taxable","29":"shipping-taxable","30":"purchasable","31":"product-type-simple"},"_links":{"self":[{"href":"https:\/\/grappa.no\/en\/wp-json\/wp\/v2\/product\/1183","targetHints":{"allow":["GET"]}}],"collection":[{"href":"https:\/\/grappa.no\/en\/wp-json\/wp\/v2\/product"}],"about":[{"href":"https:\/\/grappa.no\/en\/wp-json\/wp\/v2\/types\/product"}],"replies":[{"embeddable":true,"href":"https:\/\/grappa.no\/en\/wp-json\/wp\/v2\/comments?post=1183"}],"wp:featuredmedia":[{"embeddable":true,"href":"https:\/\/grappa.no\/en\/wp-json\/wp\/v2\/media\/27173"}],"wp:attachment":[{"href":"https:\/\/grappa.no\/en\/wp-json\/wp\/v2\/media?parent=1183"}],"wp:term":[{"taxonomy":"product_brand","embeddable":true,"href":"https:\/\/grappa.no\/en\/wp-json\/wp\/v2\/product_brand?post=1183"},{"taxonomy":"product_cat","embeddable":true,"href":"https:\/\/grappa.no\/en\/wp-json\/wp\/v2\/product_cat?post=1183"},{"taxonomy":"product_tag","embeddable":true,"href":"https:\/\/grappa.no\/en\/wp-json\/wp\/v2\/product_tag?post=1183"}],"curies":[{"name":"wp","href":"https:\/\/api.w.org\/{rel}","templated":true}]}}