{"id":1153,"date":"2015-05-08T00:00:00","date_gmt":"2015-05-07T23:00:00","guid":{"rendered":"http:\/\/www.grappa.no\/albums\/uncategorized\/henning-kraggerud-equinox\/"},"modified":"2020-01-29T08:54:08","modified_gmt":"2020-01-29T07:54:08","slug":"henning-kraggerud-equinox","status":"publish","type":"product","link":"https:\/\/grappa.no\/en\/albums\/simax-classics\/henning-kraggerud-equinox\/","title":{"rendered":"Henning Kraggerud: Equinox"},"content":{"rendered":"<p><\/p>\n<p>Welcome to the magical world of Equinox!<\/p>\n<p>Alongside a distinguished career as a soloist with some of the world&#8217;s greatest orchestras, Norwegian star violinist Henning Kraggerud is also a composer. On this new release he combines these two roles in a collaboration with Jostein Gaarder, author of &#8216;Sophie&#8217;s World&#8217;. The Brodsky Quartet and Britten Sinfonia are among the various ensembles that have recently commissioned and performed works by Henning Kraggerud. With Equinox, Kraggerud has written four violin concertos, 24 postludes for violin and chamber orchestra, and music for a stage production \u2013 all in one work! <\/p>\n<p>Following in the footsteps of great masters of the violin, such as Fritz Kreisler and Eug\u00e8ne Ysa\u00ffe, Henning Kraggerud\u2019s approach enables the performative and creative processes to develop hand in hand. In Equinox, Kraggerud has written beautiful, mournful, bubbly and heartbreaking music, organized into four violin concertos entitled Afternoon, Evening, Night and Morning. Kraggerud performs regularly with eminent conductors such as Den\u00e8ve, Saraste, Dausgaard, V\u00e4nsk\u00e4, McCreesh, and McGegan, to name a few. A dedicated chamber musician, he performs frequently on both violin and viola in venues such as London\u2019s Wigmore Hall, appearing alongside artists including Imogen Cooper, Adrian Brendel, Steven Isserlis, Joshua Bell, Martha Argerich, Leif Ove Andsnes, and Piotr Anderszewski. Kraggerud plays a 1744 Guerneri del Ges\u00f9, provided by Dextra Musica.<\/p>\n<p><!--more--><\/p>\n<p>Alongside a distinguished career as a soloist with some of the world&#8217;s greatest orchestras, Norwegian star violinist Henning Kraggerud is also a composer. On this new release he combines these two roles in a collaboration with Jostein Gaarder, author of &#8216;Sophie&#8217;s World&#8217;. Welcome to the magical world of Equinox!<\/p>\n<h4>Around the world<\/h4>\n<p>The book &quot;The Solitaire Mystery\u201d, which ingeniously blends a deck of cards compared to weeks, days and years, gave Kraggerud the idea of a piece based on the number 24. The story of Equinox starts London, where our protagonist finds himself in a difficult situation\u201a awaiting a neurological diagnose. In the middle of the day, he stumbles out into Greenwich Park, where he is catapulted on a kaleidoscopic journey to all 24 time zones, one for each fifteen degrees. The journey follows the circle of fifths from C major through the flat keys, and when the geographical odyssey crosses the date line, we move musically from 6 flats to 6 sharps.<\/p>\n<h4>Combining performance and composition<\/h4>\n<p>Following in the footsteps of great masters of the violin, such as Fritz Kreisler and Eug\u00e8ne Ysa\u00ffe, Henning Kraggerud\u2019s approach enables the performative and creative processes to develop hand in hand. In Equinox, Kraggerud has written beautiful, mournful, bubbly and heartbreaking music, organized into four violin concertos entitled Afternoon, Evening, Night and Morning. Kraggerud performs regularly with eminent conductors such as Den\u00e8ve, Saraste, Dausgaard, V\u00e4nsk\u00e4, McCreesh, and McGegan, to name a few. A dedicated chamber musician, he performs frequently on both violin and viola in venues such as London\u2019s Wigmore Hall, appearing alongside artists including Imogen Cooper, Adrian Brendel, Steven Isserlis, Joshua Bell, Martha Argerich, Leif Ove Andsnes, and Piotr Anderszewski. Kraggerud plays a 1744 Guerneri del Ges\u00f9, provided by Dextra Musica.<\/p>\n<h4>The Arctic Philharmonic Chamber Orchestra<\/h4>\n<p>Equinox is commissioned for and beautifully performed by the Arctic Philharmonic Chamber Orchestra, of which Kraggerud has been the artistic director since 2012. Equinox was first premiered during the Nordlysfestivalen in 2014, and received excellent reviews. The Ris\u00f8r Chamber Music Festival sees a new performance this summer, with Gaarder himself as the narrator.<\/p>\n<p><\/p>","protected":false},"excerpt":{"rendered":"<p>With Equinox, Kraggerud has written four violin concertos, 24 postludes for violin and chamber orchestra, and music for a stage production \u2013 all in one work!<\/p>\n","protected":false},"featured_media":27821,"comment_status":"closed","ping_status":"open","template":"","meta":[],"product_brand":[],"product_cat":[180],"product_tag":[],"class_list":{"0":"post-1153","1":"product","2":"type-product","3":"status-publish","4":"has-post-thumbnail","6":"product_cat-simax-classics","7":"product_shipping_class-cddvd-shipping","8":"uni_artist_tag-arctic-philharmonic-chamber-orchestra","9":"uni_artist_tag-henning-kraggerud","10":"uni_artist_tag-sean-lewis","11":"uni_main_artist_tag-arctic-philharmonic-chamber-orchestra","12":"uni_artist_genre-concerto","13":"uni_artist_genre-easy-listening","14":"uni_artist_genre-strings","15":"uni_artist_genre-world-premiere-recording","17":"first","18":"instock","19":"taxable","20":"shipping-taxable","21":"purchasable","22":"product-type-simple"},"_links":{"self":[{"href":"https:\/\/grappa.no\/en\/wp-json\/wp\/v2\/product\/1153","targetHints":{"allow":["GET"]}}],"collection":[{"href":"https:\/\/grappa.no\/en\/wp-json\/wp\/v2\/product"}],"about":[{"href":"https:\/\/grappa.no\/en\/wp-json\/wp\/v2\/types\/product"}],"replies":[{"embeddable":true,"href":"https:\/\/grappa.no\/en\/wp-json\/wp\/v2\/comments?post=1153"}],"wp:featuredmedia":[{"embeddable":true,"href":"https:\/\/grappa.no\/en\/wp-json\/wp\/v2\/media\/27821"}],"wp:attachment":[{"href":"https:\/\/grappa.no\/en\/wp-json\/wp\/v2\/media?parent=1153"}],"wp:term":[{"taxonomy":"product_brand","embeddable":true,"href":"https:\/\/grappa.no\/en\/wp-json\/wp\/v2\/product_brand?post=1153"},{"taxonomy":"product_cat","embeddable":true,"href":"https:\/\/grappa.no\/en\/wp-json\/wp\/v2\/product_cat?post=1153"},{"taxonomy":"product_tag","embeddable":true,"href":"https:\/\/grappa.no\/en\/wp-json\/wp\/v2\/product_tag?post=1153"}],"curies":[{"name":"wp","href":"https:\/\/api.w.org\/{rel}","templated":true}]}}