{"id":1151,"date":"2014-11-28T00:00:00","date_gmt":"2014-11-27T23:00:00","guid":{"rendered":"http:\/\/www.grappa.no\/albums\/uncategorized\/boltelokka-jentekor-jolevisur\/"},"modified":"2016-08-16T10:03:45","modified_gmt":"2016-08-16T09:03:45","slug":"boltelokka-jentekor-jolevisur","status":"publish","type":"product","link":"https:\/\/grappa.no\/en\/albums\/grappa\/boltelokka-jentekor-jolevisur\/","title":{"rendered":"Boltel\u00f8kka jentekor: Jolevisur"},"content":{"rendered":"<p><\/p>\n<p>Christmas at Boltel\u00f8kka<\/p>\n<p>Boltel\u00f8kka Girls Choir, from Boltel\u00f8kka school at Bislett in Oslo, is celebrating their 10th anniversary  with the album &amp;quot;Jolevisur&amp;quot;. The choirs conductor Linn Andrea Fuglseth, from Trio Mediaeval fame, originally founded the choir and is still the choir\u00b4s conductor. In 2010 Grappa released the choirs debut album &amp;quot;Mine Visur &#8211; Folk from children in the city.&amp;quot; Still in the spirit of folk music the   girls gives accounts of Pr\u00f8ysen\u00b4s &amp;quot;Musevisa&amp;quot;, Odd Nordstoga\u00b4s &amp;quot;Jolevise&amp;quot;, Sibelius\u00b4 &amp;quot;Julvisa&amp;quot; and the old &amp;quot;Staffan was a stalledr\u00e4ng&amp;quot;. Also hymns &amp;quot;My heart always wanders&amp;quot; and &amp;quot;Det hev ei rosa sprunge&amp;quot; are among the songs on this quaint Christmas album, but we also get a number of lesser known songs. The choir consists entirely of schoolchildren from Boltel\u00f8kka &#8211; closer eighty girls from the age of six to twelve years. The choir has previously collaborated with a number of musicians, among them Stian Carstensen, Arve Henriksen and Birger Mistereggen. On this new refreshing album the choir is accompanied by the musicians Vegard V\u00e5rdal, \u00c5smund Reistad, Sigurd Hole and Kenneth Ekornes.<\/p>\n<p>Release concert at Riksscenen December 3<\/p>\n<p><!--more--><\/p>\n<p>Boltel\u00f8kka Jentekor, from Boltel\u00f8kka School at Bislett in Oslo, is celebrating its 10th anniversary by releasing the album Jolevisur.<\/p>\n<h4>Christmas songs<\/h4>\n<p>\u201cWe\u2019re presenting Christmas songs this time: ancient and brand new, Norwegian and Swedish, and some that aren\u2019t heard every year,\u201d says director Linn Andrea Fuglseth. \u201cI always look for the ones that are heard least. \u2018Et barn er f\u00f8dt i Betlehem\u2019, in a version from S\u00f8rkedalen, for example. I had never heard that melody before discovering it in J\u00f8rn Simen \u00d8verli\u2019s book Markaviser recently.\u201d<\/p>\n<h4>About Boltel\u00f8kka Girls choir<\/h4>\n<p>Boltel\u00f8kka Girls\u2019 Choir was founded by Linn Andrea in 2004, and is connected with Boltel\u00f8kke School in Oslo. In its annual projects the choir has collaborated with musicians such as Stian Carstensen, Tuva Syvertsen, Arve Henriksen, Trio Medi\u00e6val, Haakon Esplo, Nymark Collective and Andr\u00e9 Viervoll.<\/p>\n<p>The choir is made up exclusively of students at the school, and comprises nearly eighty girls from six to twelve years of age. On Jolevisur the choir is accompanied by seasoned musicians Vegard V\u00e5rdal, \u00c5smund Reistad, Sigurd Hole and Kenneth Ekornes.<\/p>\n<h4>Conductor Linn Andrea Fuglseth<\/h4>\n<p>Linn Andrea Fuglseth (b. 1969) grew up in Vestfold, and studied at the Norwegian Academy of Music in Oslo and Guildhall School of Music and Drama in London. She established the vocal group Trio Medi\u00e6val in 1997. The trio has earned international acclaim for its performances of medieval and contemporary music, and was nominated for a Grammy Award and a Spellemannspris (Norwegian Grammy Award) for the recording Folk Songs (ECM Records, 2007). Linn Andrea has appeared as a soloist with the Norwegian Radio Orchestra, the Norwegian Baroque Orchestra, the Stavanger Symphony Orchestra, the Norwegian Soloists\u2019 Choir, Grex Vocalis, Kvarts and Bang on a Can All-Stars (USA). Trio Medi\u00e6val is releasing its sixth album, Aquilonis, on ECM in autumn 2014. Linn Andrea also sings in the folk music group \u00d8stfolk, and tours for Concerts Norway.<\/p>\n<p>Release concert at Riksscenen, 3 December 2014.<\/p>\n<p><\/p>","protected":false},"excerpt":{"rendered":"<p>Boltel\u00f8kka Jentekor, from Boltel\u00f8kka School at Bislett in Oslo, is celebrating its 10th anniversary by releasing the album Jolevisur.<\/p>\n","protected":false},"featured_media":27150,"comment_status":"closed","ping_status":"open","template":"","meta":[],"product_brand":[],"product_cat":[6],"product_tag":[],"class_list":{"0":"post-1151","1":"product","2":"type-product","3":"status-publish","4":"has-post-thumbnail","6":"product_cat-grappa","7":"product_shipping_class-cddvd-shipping","8":"uni_artist_tag-asmund-reistad","9":"uni_artist_tag-boltelokka-jentekor","10":"uni_artist_tag-emmy-kristina-kohler","11":"uni_artist_tag-jean-sibelius","12":"uni_artist_tag-johanna-olander","13":"uni_artist_tag-kenneth-ekornes","14":"uni_artist_tag-linn-andrea-fugleseth","15":"uni_artist_tag-odd-nordstoga","16":"uni_artist_tag-sigurd-hole","17":"uni_artist_tag-thomas-beck","18":"uni_artist_tag-thorbjorn-egner","19":"uni_artist_tag-trad","20":"uni_artist_tag-vegar-vardal","21":"uni_main_artist_tag-boltelokka-jentekor","22":"uni_artist_genre-choir","23":"uni_artist_genre-christmas-music","25":"first","26":"instock","27":"taxable","28":"shipping-taxable","29":"purchasable","30":"product-type-simple"},"_links":{"self":[{"href":"https:\/\/grappa.no\/en\/wp-json\/wp\/v2\/product\/1151","targetHints":{"allow":["GET"]}}],"collection":[{"href":"https:\/\/grappa.no\/en\/wp-json\/wp\/v2\/product"}],"about":[{"href":"https:\/\/grappa.no\/en\/wp-json\/wp\/v2\/types\/product"}],"replies":[{"embeddable":true,"href":"https:\/\/grappa.no\/en\/wp-json\/wp\/v2\/comments?post=1151"}],"wp:featuredmedia":[{"embeddable":true,"href":"https:\/\/grappa.no\/en\/wp-json\/wp\/v2\/media\/27150"}],"wp:attachment":[{"href":"https:\/\/grappa.no\/en\/wp-json\/wp\/v2\/media?parent=1151"}],"wp:term":[{"taxonomy":"product_brand","embeddable":true,"href":"https:\/\/grappa.no\/en\/wp-json\/wp\/v2\/product_brand?post=1151"},{"taxonomy":"product_cat","embeddable":true,"href":"https:\/\/grappa.no\/en\/wp-json\/wp\/v2\/product_cat?post=1151"},{"taxonomy":"product_tag","embeddable":true,"href":"https:\/\/grappa.no\/en\/wp-json\/wp\/v2\/product_tag?post=1151"}],"curies":[{"name":"wp","href":"https:\/\/api.w.org\/{rel}","templated":true}]}}