{"id":11135,"date":"2015-10-30T00:00:00","date_gmt":"2015-10-29T23:00:00","guid":{"rendered":"http:\/\/www.grappa.no\/albums\/uncategorized\/trondheim-jazz-orchestra-christian-wallumrod-untitled-arpeggios-and-pulses\/"},"modified":"2018-08-30T09:09:36","modified_gmt":"2018-08-30T08:09:36","slug":"untitled-arpeggios-and-pulses","status":"publish","type":"product","link":"https:\/\/grappa.no\/en\/albums\/hubro\/untitled-arpeggios-and-pulses\/","title":{"rendered":"Untitled Arpeggios And Pulses"},"content":{"rendered":"<p><\/p>\n<p>Pulse-driven<\/p>\n<p>Christian Wallumr\u00f8d has, together with the Trondheim Jazz Orchestra, created a new and exciting album that confirms his abilities as a unique composer and the flexibility of the never-static jazz orchestra.<\/p>\n<p>Christian Wallumr\u00f8d was commissioned to compose a work for Trondheim Jazz Orchestra on the occasion of the Kongsberg Jazz Festival\u2019s 50th anniversary in 2014, and it was really a work with a capital W that he produced. \u201cUntitled Arpeggios and Pulses\u201d is a piece of music just over 50 minutes long that should be listened to continuously from start to finish, and that will thus not be made available in the LP format.<\/p>\n<p>The clearly pulse-driven work consists of four parts that are connected and range from the unassertively acoustic to the intensely forceful.<\/p>\n<p>\u201cUntitled Arpeggios and Pulses\u201d is Wallumr\u00f8d\u2019s third release on the HUBRO label this year. We released his first solo album, \u201cPianokammer\u201d, to glowing reviews in January, and a limited edition LP with the duo Brutter this past summer.<\/p>\n<p>The album is available as a CD and a DL.<\/p>\n<p>Upcoming concerts:<br \/>\n4 November: Dokkhuset, Trondheim<br \/>\n5 November: Nasjonal Jazzscene, Victoria, Oslo<br \/>\n6 November: Bergen Jazzforum, Bergen<\/p>\n<p><!--more--><\/p>\n<p>Christian Wallumr\u00f8d has, together with the Trondheim Jazz Orchestra, created a new and exciting album that confirms his abilities as a unique composer and the flexibility of the never-static jazz orchestra.<\/p>\n<h4>Untitled Arpeggios and Pulses &#8211; for Trondheim Jazz Orchestra<\/h4>\n<p>The clearly pulse-driven work consists of four parts that are connected and range from the unassertively acoustic to the intensely forceful.<\/p>\n<p>On this occasion the Trondheim Jazz Orchestra consisted of Wallumr\u00f8d himself along with a selection of his favourite musicians. Some he had already worked with for a long time in other bands, while others were more recent acquaintances: guitarists Ivar Grydeland (Huntsville, Dans les Arbres) and Lars Ove Fossheim (Broen, Skadedyr), pianist Anja Lauvdal (Moskus, Broen, Skadedyr), saxophonist Espen Reinertsen and trumpet player Eivind L\u00f8nning (Streifenjunko and Christian Wallumr\u00f8d Ensemble), tubist Heida Karine J\u00f3hannesd\u00f3ttir Mobeck (Broen, Skadedyr), drummers Fredrik Wallumr\u00f8d (Brutter) and Siv \u00d8yunn Kjenstad (Chili Vanilla, Thomas Str\u00f8nen), and finally double bassist Michael Francis Duch (Lemur).<\/p>\n<p>Trondheim Jazz Orchestra is one of the most important and creative jazz ensembles in Norway. The orchestra is operated as a musicians\u2019 pool, so that the orchestra changes as to instrumentation and size from project to project. During the course of the last thirteen years, the orchestra has had a great number of exciting projects with norwegian and international jazz profiles such as Chick Corea, Pat Metheny, Joshua Redman, Erlend Skomsvoll, Eirik Hegdal, Vigleik Storaas, Geir Lysne, Bendik Hofset, Maria Kannegaard, Kim Myhr, Jenny Hval, Stian Westerhus, St\u00e5le Storl\u00f8kken, Albatrosh and Marius Neset.<\/p>\n<p>The album was recorded in connection with the successful concert at the Kongsberg Jazz Festival where the work was given its world premiere, and we know that this recording has been eagerly awaited by many people. The critic from the newspaper Aftenposten gave the concert the highest accolades in his review: \u201cWallumr\u00f8d presents here his remarkably well-developed ability to gather inspiration from a variety of stylistic genres and place his own unmistakable stamp on the result.\u201d<\/p>\n<h4>Christian Wallumr\u00f8d<\/h4>\n<p>Christian Wallumr\u00f8d (b. 1971) has for many years been regarded as one of the most prominent and original creative talents in the Norwegian music world. He is instantly identifiable both as a composer and as a pianist, but at the same time any attempt to categorise his music is doomed to fail. His background is in jazz and church music, and in his five records with changing ensemble members on ECM he has erased the borders between jazz, hymns, gospel, folk music, baroque music and contemporary music, and has carved out his own niche in the hearts and minds of listeners and reviewers alike. Parallel with this he has worked with the quartet Dans les Arbres, who continue to make their mark on the international improv and contemporary music scene. Wallumr\u00f8d has also had noteworthy collaborations with artists such as Sidsel Endresen, Audun Kleive, Susanne Sundf\u00f8r, Ricardo Villalobos &amp; Max Loderbauer, Karl Seglem, Oslo Sinfonietta and Kim Myhr.<\/p>\n<p>Wallumr\u00f8d won a Spellemannspris, the Norwegian Grammy, for the album \u201cOutstairs\u201d (ECM, 2013), and was nominated for the Nordic Council Music Prize for the album \u201cFabula Suite Lugano\u201d (ECM, 2010). Dans les Arbres has been nominated for the same prize in 2015.<\/p>\n<p>\u201cUntitled Arpeggios and Pulses\u201d is Wallumr\u00f8d\u2019s third release on the HUBRO label this year. We released his first solo album, \u201cPianokammer\u201d, to glowing reviews in January, and a limited edition LP with the duo Brutter this past summer.<\/p>\n<p>The album is available as a CD and a DL.<\/p>\n<p>Upcoming concerts:<br \/>\n4 November: Dokkhuset, Trondheim<br \/>\n5 November: Nasjonal Jazzscene, Victoria, Oslo<br \/>\n6 November: Bergen Jazzforum, Bergen<\/p>\n<h4><\/h4>\n<\/p>\n<p><\/p>","protected":false},"excerpt":{"rendered":"<p>Christian Wallumr\u00f8d has, together with the Trondheim Jazz Orchestra, created a new and exciting album that confirms his abilities as a unique composer and the flexibility of the never-static jazz orchestra.<\/p>\n","protected":false},"featured_media":27447,"comment_status":"closed","ping_status":"open","template":"","meta":[],"product_brand":[],"product_cat":[36],"product_tag":[],"class_list":{"0":"post-11135","1":"product","2":"type-product","3":"status-publish","4":"has-post-thumbnail","6":"product_cat-hubro","7":"product_shipping_class-cddvd-shipping","8":"uni_artist_tag-anja-lauvdal","9":"uni_artist_tag-christian-wallumrod","10":"uni_artist_tag-eivind-lonning","11":"uni_artist_tag-espen-reinertsen","12":"uni_artist_tag-fredrik-wallumrod","13":"uni_artist_tag-heida-karine-johannesdottir-mobeck","14":"uni_artist_tag-lars-ove-fossheim","15":"uni_artist_tag-michael-francis-duch","16":"uni_artist_tag-siv-oyunn-kjenstad","17":"uni_artist_tag-trondheim-jazz-orchestra","18":"uni_main_artist_tag-christian-wallumrod","19":"uni_artist_genre-contemporary-music","20":"uni_artist_genre-jazz","22":"first","23":"instock","24":"taxable","25":"shipping-taxable","26":"purchasable","27":"product-type-simple"},"_links":{"self":[{"href":"https:\/\/grappa.no\/en\/wp-json\/wp\/v2\/product\/11135","targetHints":{"allow":["GET"]}}],"collection":[{"href":"https:\/\/grappa.no\/en\/wp-json\/wp\/v2\/product"}],"about":[{"href":"https:\/\/grappa.no\/en\/wp-json\/wp\/v2\/types\/product"}],"replies":[{"embeddable":true,"href":"https:\/\/grappa.no\/en\/wp-json\/wp\/v2\/comments?post=11135"}],"wp:featuredmedia":[{"embeddable":true,"href":"https:\/\/grappa.no\/en\/wp-json\/wp\/v2\/media\/27447"}],"wp:attachment":[{"href":"https:\/\/grappa.no\/en\/wp-json\/wp\/v2\/media?parent=11135"}],"wp:term":[{"taxonomy":"product_brand","embeddable":true,"href":"https:\/\/grappa.no\/en\/wp-json\/wp\/v2\/product_brand?post=11135"},{"taxonomy":"product_cat","embeddable":true,"href":"https:\/\/grappa.no\/en\/wp-json\/wp\/v2\/product_cat?post=11135"},{"taxonomy":"product_tag","embeddable":true,"href":"https:\/\/grappa.no\/en\/wp-json\/wp\/v2\/product_tag?post=11135"}],"curies":[{"name":"wp","href":"https:\/\/api.w.org\/{rel}","templated":true}]}}