{"id":11119,"date":"2005-03-04T00:00:00","date_gmt":"2005-03-03T23:00:00","guid":{"rendered":"http:\/\/www.grappa.no\/albums\/uncategorized\/meditatus\/"},"modified":"2020-07-17T08:14:04","modified_gmt":"2020-07-17T07:14:04","slug":"meditatus","status":"publish","type":"product","link":"https:\/\/grappa.no\/en\/albums\/grappa\/meditatus\/","title":{"rendered":"Meditatus"},"content":{"rendered":"<p><\/p>\n<p>Jazz meditations<\/p>\n<p>Meditatus is a meditation over the words and prayers from the traditional church mass which have been a part of our culture for over a thousand years \u2013 and a meditation on life, faith and hope in today&#8217;s world. Here, the pianist Jan Gunnar Hoff and Bod\u00f8 Domkor, releases the mass that was first performed in Bod\u00f8 Domkirke in December 2014. Behind them is B\u00f8rge Petersen-\u00d8verleir on guitar, Tore Brunborg on saxophone, Bj\u00f8rn Kjellemyr on double bass and Audun Kleive on drums. <\/p>\n<p>Jan Gunnar Hoff carefully approaches the old words, and he has laid a special emphasis on the mass\u00b4 introductory prayer, the words from the blind beggar the New Testament give account for \u2013 a call for help, a call from one who lacks overview, from someone who is in need but still has the power left to call. The combination between old words and beautiful sounds, which carry far, lures the listener in to a well known musical landscape where it is easy to enchanted. The successful meeting between the christian tradition and the newly composed jazz music is brought forth by singable melodies and elegant compositional solutions which gives the listeners an unforgettable experience.<\/p>\n<p><!--more--><\/p>\n<h4><\/h4>\n<\/p>\n<h4><\/h4>\n<\/p>\n<h4><\/h4>\n<\/p>\n<p><\/p>","protected":false},"excerpt":{"rendered":"<p>The successful meeting between the christian tradition and the newly composed jazz music is brought forth by singable melodies and elegant compositional solutions which gives the listeners an unforgettable experience.<\/p>\n","protected":false},"featured_media":27008,"comment_status":"closed","ping_status":"open","template":"","meta":[],"product_brand":[],"product_cat":[6],"product_tag":[],"class_list":{"0":"post-11119","1":"product","2":"type-product","3":"status-publish","4":"has-post-thumbnail","6":"product_cat-grappa","7":"product_shipping_class-cddvd-shipping","8":"uni_artist_tag-audun-kleive","9":"uni_artist_tag-bjorn-kjellemyr","10":"uni_artist_tag-bodo-domkor","11":"uni_artist_tag-jan-gunnar-hoff","12":"uni_artist_tag-tore-brunborg","13":"uni_main_artist_tag-bodo-domkor","14":"uni_artist_genre-choir","15":"uni_artist_genre-jazz","16":"uni_artist_genre-religious","18":"first","19":"outofstock","20":"taxable","21":"shipping-taxable","22":"product-type-simple"},"_links":{"self":[{"href":"https:\/\/grappa.no\/en\/wp-json\/wp\/v2\/product\/11119","targetHints":{"allow":["GET"]}}],"collection":[{"href":"https:\/\/grappa.no\/en\/wp-json\/wp\/v2\/product"}],"about":[{"href":"https:\/\/grappa.no\/en\/wp-json\/wp\/v2\/types\/product"}],"replies":[{"embeddable":true,"href":"https:\/\/grappa.no\/en\/wp-json\/wp\/v2\/comments?post=11119"}],"wp:featuredmedia":[{"embeddable":true,"href":"https:\/\/grappa.no\/en\/wp-json\/wp\/v2\/media\/27008"}],"wp:attachment":[{"href":"https:\/\/grappa.no\/en\/wp-json\/wp\/v2\/media?parent=11119"}],"wp:term":[{"taxonomy":"product_brand","embeddable":true,"href":"https:\/\/grappa.no\/en\/wp-json\/wp\/v2\/product_brand?post=11119"},{"taxonomy":"product_cat","embeddable":true,"href":"https:\/\/grappa.no\/en\/wp-json\/wp\/v2\/product_cat?post=11119"},{"taxonomy":"product_tag","embeddable":true,"href":"https:\/\/grappa.no\/en\/wp-json\/wp\/v2\/product_tag?post=11119"}],"curies":[{"name":"wp","href":"https:\/\/api.w.org\/{rel}","templated":true}]}}