{"id":1071,"date":"2014-09-19T00:00:00","date_gmt":"2014-09-18T23:00:00","guid":{"rendered":"http:\/\/www.grappa.no\/albums\/uncategorized\/safe-sound\/"},"modified":"2016-08-16T09:49:40","modified_gmt":"2016-08-16T08:49:40","slug":"safe-sound","status":"publish","type":"product","link":"https:\/\/grappa.no\/en\/albums\/grappa\/safe-sound\/","title":{"rendered":"Safe &amp; Sound"},"content":{"rendered":"<p><\/p>\n<p>Orbo : Safe &amp; Sound<\/p>\n<p>&quot;Safe &amp; Sound&quot; is the album that follows up the EP &quot;Man O &#8216;War,&quot; published earlier this year. Twelve songs, and Ole Reinert Berg-Olsen is the songwriter of eleven of them. The album was produced by Ole Reinert himself and Longshot Reidar F. Opdal!<br \/>\nThe album is a classic blend of British and American rock and Orbo is accompanied by two musicians from The Longshots, Magnus Skylstad on drums and Reidar Opdalingen on piano. In addition, Eric Larsson on bass and the Americans Angela Primm and Gayle Mayes on backing vocals. EP &quot;Man O &#8216;War&quot; received very good reviews.<br \/>\n&quot;It is organic in its expression with acoustic guitars, trilling piano tones and ringing electric guitar&quot;. (Bergensavisen)<br \/>\n&quot;This EP with four songs is a preview of a whole album coming later this year. And there are four good reasons to look forward to that\u00bb (Firdaposten)<br \/>\n&quot;Songwriter in full width&quot; (Oppland Arbeiderblad)<\/p>\n<p><!--more--><\/p>\n<h4><\/h4>\n<\/p>\n<h4><\/h4>\n<\/p>\n<h4><\/h4>\n<\/p>\n<p><\/p>","protected":false},"excerpt":{"rendered":"<p class=\"qtranxs-available-languages-message qtranxs-available-languages-message-en\">Sorry, this entry is only available in <a href=\"https:\/\/grappa.no\/no\/wp-json\/wp\/v2\/product\/1071\" class=\"qtranxs-available-language-link qtranxs-available-language-link-no\" title=\"Norsk\">Norsk<\/a>.<\/p>\n<p>\u201cSafe &amp; Sound\u201d er albumet som f\u00f8lger opp EP\u2019en \u201cMan O\u2019 War\u201d utgitt tidligere i \u00e5r. Tolv l\u00e5ter, hvorav Ole Reinert Berg-Olsen er l\u00e5tskriver p\u00e5 elleve av dem.<\/p>\n","protected":false},"featured_media":27124,"comment_status":"closed","ping_status":"open","template":"","meta":[],"product_brand":[],"product_cat":[6],"product_tag":[],"class_list":{"0":"post-1071","1":"product","2":"type-product","3":"status-publish","4":"has-post-thumbnail","6":"product_cat-grappa","7":"product_shipping_class-cddvd-shipping","8":"uni_artist_tag-angela-primm","9":"uni_artist_tag-barry-alan-gibb","10":"uni_artist_tag-eirik-larsson","11":"uni_artist_tag-gayle-mayes","12":"uni_artist_tag-magnus-aserud-skylstad","13":"uni_artist_tag-maurice-ernest-gibb","14":"uni_artist_tag-orbo-ole-reinert-berg-olsen","15":"uni_artist_tag-reidar-f-opdal","16":"uni_artist_tag-robin-hugh-gibb","17":"uni_main_artist_tag-orbo-ole-reinert-berg-olsen","18":"uni_artist_genre-rock","20":"first","21":"instock","22":"taxable","23":"shipping-taxable","24":"purchasable","25":"product-type-simple"},"_links":{"self":[{"href":"https:\/\/grappa.no\/en\/wp-json\/wp\/v2\/product\/1071","targetHints":{"allow":["GET"]}}],"collection":[{"href":"https:\/\/grappa.no\/en\/wp-json\/wp\/v2\/product"}],"about":[{"href":"https:\/\/grappa.no\/en\/wp-json\/wp\/v2\/types\/product"}],"replies":[{"embeddable":true,"href":"https:\/\/grappa.no\/en\/wp-json\/wp\/v2\/comments?post=1071"}],"wp:featuredmedia":[{"embeddable":true,"href":"https:\/\/grappa.no\/en\/wp-json\/wp\/v2\/media\/27124"}],"wp:attachment":[{"href":"https:\/\/grappa.no\/en\/wp-json\/wp\/v2\/media?parent=1071"}],"wp:term":[{"taxonomy":"product_brand","embeddable":true,"href":"https:\/\/grappa.no\/en\/wp-json\/wp\/v2\/product_brand?post=1071"},{"taxonomy":"product_cat","embeddable":true,"href":"https:\/\/grappa.no\/en\/wp-json\/wp\/v2\/product_cat?post=1071"},{"taxonomy":"product_tag","embeddable":true,"href":"https:\/\/grappa.no\/en\/wp-json\/wp\/v2\/product_tag?post=1071"}],"curies":[{"name":"wp","href":"https:\/\/api.w.org\/{rel}","templated":true}]}}