{"id":1070,"date":"2015-05-08T00:00:00","date_gmt":"2015-05-07T23:00:00","guid":{"rendered":"http:\/\/www.grappa.no\/albums\/uncategorized\/julie-dahle-aagard-lauvet\/"},"modified":"2016-10-31T11:02:50","modified_gmt":"2016-10-31T10:02:50","slug":"julie-dahle-aagard-lauvet","status":"publish","type":"product","link":"https:\/\/grappa.no\/en\/albums\/grappa\/julie-dahle-aagard-lauvet\/","title":{"rendered":"Julie Dahle Aag\u00e5rd : Lauvet"},"content":{"rendered":"<p><\/p>\n<p>Julie Dahle Aag\u00e5rd &#8211; Lauvet<\/p>\n<p>Julie Dahle Aag\u00e5rd release her new album \u2013 and this time in her own dialect. Her previous album was Norwegian Grammy Nominated in Female Artist of the year 2009.<\/p>\n<p>It&#8217;s still hoarse and jazzy, but the music is now more influenced by roots, fado and folk. All text and music is newly composed by Julie herself, and the result is a good distance away from what often is associated with music from her home region Tr\u00f8ndelag. She&#8217;s joined by some fantastic musicians who have colored this wonderful album with her: Anders Aarum, Erik Holm, Bj\u00f8rnsholm, Kjetil Steensn\u00e6s, Geir Sundst\u00f8l and David Wallumr\u00f8d.<\/p>\n<p><!--more--><\/p>\n<h4><\/h4>\n<\/p>\n<h4><\/h4>\n<\/p>\n<h4><\/h4>\n<\/p>\n<p><\/p>","protected":false},"excerpt":{"rendered":"<p>It&#8217;s still hoarse and jazzy, but the music is now more influenced by roots, fado and folk.<\/p>\n","protected":false},"featured_media":27120,"comment_status":"closed","ping_status":"open","template":"","meta":[],"product_brand":[],"product_cat":[6],"product_tag":[],"class_list":{"0":"post-1070","1":"product","2":"type-product","3":"status-publish","4":"has-post-thumbnail","6":"product_cat-grappa","7":"product_shipping_class-cddvd-shipping","8":"uni_artist_tag-anders-aarum","9":"uni_artist_tag-bjorn-holm","10":"uni_artist_tag-david-wallumrod","11":"uni_artist_tag-erik-holm","12":"uni_artist_tag-geir-sundstol","13":"uni_artist_tag-julie-dahle-aagard","14":"uni_artist_tag-kjetil-steensnaes","15":"uni_main_artist_tag-julie-dahle-aagard","16":"uni_artist_genre-jazz","17":"uni_artist_genre-norwegian-lyrics","18":"uni_artist_genre-pop","20":"first","21":"instock","22":"taxable","23":"shipping-taxable","24":"purchasable","25":"product-type-simple"},"_links":{"self":[{"href":"https:\/\/grappa.no\/en\/wp-json\/wp\/v2\/product\/1070","targetHints":{"allow":["GET"]}}],"collection":[{"href":"https:\/\/grappa.no\/en\/wp-json\/wp\/v2\/product"}],"about":[{"href":"https:\/\/grappa.no\/en\/wp-json\/wp\/v2\/types\/product"}],"replies":[{"embeddable":true,"href":"https:\/\/grappa.no\/en\/wp-json\/wp\/v2\/comments?post=1070"}],"wp:featuredmedia":[{"embeddable":true,"href":"https:\/\/grappa.no\/en\/wp-json\/wp\/v2\/media\/27120"}],"wp:attachment":[{"href":"https:\/\/grappa.no\/en\/wp-json\/wp\/v2\/media?parent=1070"}],"wp:term":[{"taxonomy":"product_brand","embeddable":true,"href":"https:\/\/grappa.no\/en\/wp-json\/wp\/v2\/product_brand?post=1070"},{"taxonomy":"product_cat","embeddable":true,"href":"https:\/\/grappa.no\/en\/wp-json\/wp\/v2\/product_cat?post=1070"},{"taxonomy":"product_tag","embeddable":true,"href":"https:\/\/grappa.no\/en\/wp-json\/wp\/v2\/product_tag?post=1070"}],"curies":[{"name":"wp","href":"https:\/\/api.w.org\/{rel}","templated":true}]}}