{"id":1069,"date":"2014-08-22T00:00:00","date_gmt":"2014-08-21T23:00:00","guid":{"rendered":"http:\/\/www.grappa.no\/albums\/uncategorized\/a-naerme-seg-det-naere\/"},"modified":"2016-04-19T19:21:48","modified_gmt":"2016-04-19T18:21:48","slug":"a-naerme-seg-det-naere","status":"publish","type":"product","link":"https:\/\/grappa.no\/en\/albums\/grappa\/a-naerme-seg-det-naere\/","title":{"rendered":"\u00c5 N\u00e6rme Seg Det N\u00e6re"},"content":{"rendered":"<p><\/p>\n<p><!--more--><\/p>\n<h4><\/h4>\n<\/p>\n<h4><\/h4>\n<\/p>\n<h4><\/h4>\n<\/p>\n<p><\/p>","protected":false},"excerpt":{"rendered":"<p class=\"qtranxs-available-languages-message qtranxs-available-languages-message-en\">Sorry, this entry is only available in <a href=\"https:\/\/grappa.no\/no\/wp-json\/wp\/v2\/product\/1069\" class=\"qtranxs-available-language-link qtranxs-available-language-link-no\" title=\"Norsk\">Norsk<\/a>.<\/p>\n<p>Musikken til Elin Furubotn, som befinner seg i skj\u00e6ringspunktet mellom vise, pop og jazz, fargelegges denne gang av sytten musikere fra Stavanger Symfoniorkester<\/p>\n","protected":false},"featured_media":27128,"comment_status":"closed","ping_status":"open","template":"","meta":[],"product_brand":[],"product_cat":[6],"product_tag":[],"class_list":{"0":"post-1069","1":"product","2":"type-product","3":"status-publish","4":"has-post-thumbnail","6":"product_cat-grappa","7":"product_shipping_class-cddvd-shipping","8":"uni_artist_tag-allan-vigre","9":"uni_artist_tag-anders-frost","10":"uni_artist_tag-beate-klev","11":"uni_artist_tag-bjarte-mo","12":"uni_artist_tag-elin-furubotn","13":"uni_artist_tag-erlend-aasland","14":"uni_artist_tag-frithjof-hungnes","15":"uni_artist_tag-gjertrud-okland","16":"uni_artist_tag-gyrid-erlandsen","17":"uni_artist_tag-hakon-berge","18":"uni_artist_tag-hans-andreas-horntveth-jansen","19":"uni_artist_tag-helge-andreas-norbakken","20":"uni_artist_tag-hjalmar-kvam","21":"uni_artist_tag-ivan-zavgorodniy","22":"uni_artist_tag-ivar-atle-fjordheim","23":"uni_artist_tag-jacob-dobewall","24":"uni_artist_tag-james-herstatt","25":"uni_artist_tag-karin-venaas","26":"uni_artist_tag-kristoffer-bonsaksen","27":"uni_artist_tag-liv-opdal-eggestad","28":"uni_artist_tag-michael-scott-hartung","29":"uni_artist_tag-morten-abel","30":"uni_artist_tag-stacy-dixon","31":"uni_artist_tag-steven-james-horn","32":"uni_artist_tag-torger-sanne","33":"uni_artist_tag-zane-kalnina","34":"uni_artist_tag-zeljko-djerdj","35":"uni_main_artist_tag-elin-furubotn","36":"uni_artist_genre-norwegian","37":"uni_artist_genre-orchestral","38":"uni_artist_genre-pop","39":"uni_artist_genre-singersongwriter","41":"first","42":"instock","43":"taxable","44":"shipping-taxable","45":"purchasable","46":"product-type-simple"},"_links":{"self":[{"href":"https:\/\/grappa.no\/en\/wp-json\/wp\/v2\/product\/1069","targetHints":{"allow":["GET"]}}],"collection":[{"href":"https:\/\/grappa.no\/en\/wp-json\/wp\/v2\/product"}],"about":[{"href":"https:\/\/grappa.no\/en\/wp-json\/wp\/v2\/types\/product"}],"replies":[{"embeddable":true,"href":"https:\/\/grappa.no\/en\/wp-json\/wp\/v2\/comments?post=1069"}],"wp:featuredmedia":[{"embeddable":true,"href":"https:\/\/grappa.no\/en\/wp-json\/wp\/v2\/media\/27128"}],"wp:attachment":[{"href":"https:\/\/grappa.no\/en\/wp-json\/wp\/v2\/media?parent=1069"}],"wp:term":[{"taxonomy":"product_brand","embeddable":true,"href":"https:\/\/grappa.no\/en\/wp-json\/wp\/v2\/product_brand?post=1069"},{"taxonomy":"product_cat","embeddable":true,"href":"https:\/\/grappa.no\/en\/wp-json\/wp\/v2\/product_cat?post=1069"},{"taxonomy":"product_tag","embeddable":true,"href":"https:\/\/grappa.no\/en\/wp-json\/wp\/v2\/product_tag?post=1069"}],"curies":[{"name":"wp","href":"https:\/\/api.w.org\/{rel}","templated":true}]}}